{"id":11,"date":"2013-02-21T22:56:47","date_gmt":"2013-02-21T21:56:47","guid":{"rendered":"http:\/\/naturheilpraxis-budde.de\/wp\/?page_id=11"},"modified":"2023-12-31T12:31:34","modified_gmt":"2023-12-31T11:31:34","slug":"diagnostik","status":"publish","type":"page","link":"https:\/\/www.naturheilpraxis-budde.de\/?page_id=11","title":{"rendered":"Diagnostik"},"content":{"rendered":"<p>Um die Krankheitsursache aufzudecken, stehen folgende M\u00f6glichkeiten zu Verf\u00fcgung.<\/p>\n<p><strong>Irisdiagnose\/Augendiagnose<\/strong><br \/>\n<img loading=\"lazy\" decoding=\"async\" class=\"alignleft  wp-image-138\" src=\"http:\/\/naturheilpraxis-budde.de\/wp\/wp-content\/uploads\/2013\/02\/Lexikon-Irisdiagnostik-95441192.jpg\" alt=\"Lexikon-Irisdiagnostik-95441192\" width=\"281\" height=\"186\" srcset=\"https:\/\/www.naturheilpraxis-budde.de\/wp\/wp-content\/uploads\/2013\/02\/Lexikon-Irisdiagnostik-95441192.jpg 600w, https:\/\/www.naturheilpraxis-budde.de\/wp\/wp-content\/uploads\/2013\/02\/Lexikon-Irisdiagnostik-95441192-300x199.jpg 300w\" sizes=\"auto, (max-width: 281px) 100vw, 281px\" \/>Die Irisdiagnose gibt Hinweise auf haupts\u00e4chlich anlagebedingte Sch\u00e4digungen. Die <em>Iris-Diagnose<\/em> ist eine alte Diagnoseform der Naturheilkunde, die hilft, die Ursache vieler Krankheiten zu erkennen und zu behandeln. So kann man mit ihrer Hilfe die Disposition oder Konstitution des Patienten erkennen und behandeln. Man spricht auch &#8222;vom Rezept aus dem Auge&#8220;.<\/p>\n<p>&nbsp;<\/p>\n<p>&nbsp;<\/p>\n<p><strong>Antlitzdiagnose<\/strong><br \/>\n<img loading=\"lazy\" decoding=\"async\" class=\"alignleft size-full wp-image-137\" src=\"http:\/\/naturheilpraxis-budde.de\/wp\/wp-content\/uploads\/2013\/02\/facialdianosis3-300x169.jpg\" alt=\"facialdianosis3-300x169\" width=\"300\" height=\"169\">Die Antlitzdiagnose zeigt M\u00e4ngel in den Mineralstoffspeichern des Organismus,die sich als Zeichen und Verf\u00e4rbungen im Gesicht erkennen lassen.Durch Erg\u00e4nzung mit Funktionsmitteln<strong>(Sch\u00fcssler-Salzen)<\/strong>wird dieser Mangel ausgeglichen,und die k\u00f6rperliche und geistige Gesundheit wird so wieder hergestellt.<\/p>\n<p>&nbsp;<\/p>\n<p><strong>Klinische Untersuchung<\/strong><br \/>\n<img loading=\"lazy\" decoding=\"async\" class=\"alignleft  wp-image-139\" src=\"http:\/\/naturheilpraxis-budde.de\/wp\/wp-content\/uploads\/2013\/02\/4100_gk.jpg\" alt=\"AA023148\" width=\"305\" height=\"222\" srcset=\"https:\/\/www.naturheilpraxis-budde.de\/wp\/wp-content\/uploads\/2013\/02\/4100_gk.jpg 484w, https:\/\/www.naturheilpraxis-budde.de\/wp\/wp-content\/uploads\/2013\/02\/4100_gk-300x218.jpg 300w\" sizes=\"auto, (max-width: 305px) 100vw, 305px\" \/>Rundumcheck durch Inspektion und Anschauen des Patienten. Die Palpation, die Organuntersuchung durch Beklopfen, und die Auskultation (Abh\u00f6ren) von K\u00f6rperger\u00e4uschen, insbesondere Herz und Lunge geh\u00f6ren selbstverst\u00e4ndlich auch dazu.<\/p>\n<p>&nbsp;<\/p>\n<p>&nbsp;<\/p>\n<p><strong>Urinuntersuchung<\/strong><br \/>\n<img loading=\"lazy\" decoding=\"async\" class=\"alignleft  wp-image-142\" src=\"http:\/\/naturheilpraxis-budde.de\/wp\/wp-content\/uploads\/2013\/02\/883_is_Urinprobe_quer.jpg\" alt=\"883_is_Urinprobe_quer\" width=\"306\" height=\"203\" srcset=\"https:\/\/www.naturheilpraxis-budde.de\/wp\/wp-content\/uploads\/2013\/02\/883_is_Urinprobe_quer.jpg 340w, https:\/\/www.naturheilpraxis-budde.de\/wp\/wp-content\/uploads\/2013\/02\/883_is_Urinprobe_quer-300x198.jpg 300w\" sizes=\"auto, (max-width: 306px) 100vw, 306px\" \/>Gegenw\u00e4rtige Stoffwechselst\u00f6rungen werden durch eine Urinuntersuchung festgestellt.<\/p>\n<p>&nbsp;<\/p>\n<p>&nbsp;<\/p>\n<p>&nbsp;<\/p>\n<p><strong>Blutuntersuchung<\/strong><br \/>\n<img loading=\"lazy\" decoding=\"async\" class=\"alignleft  wp-image-143\" src=\"http:\/\/naturheilpraxis-budde.de\/wp\/wp-content\/uploads\/2013\/02\/27538382865.jpg\" alt=\"27538382865\" width=\"302\" height=\"235\" srcset=\"https:\/\/www.naturheilpraxis-budde.de\/wp\/wp-content\/uploads\/2013\/02\/27538382865.jpg 560w, https:\/\/www.naturheilpraxis-budde.de\/wp\/wp-content\/uploads\/2013\/02\/27538382865-300x233.jpg 300w\" sizes=\"auto, (max-width: 302px) 100vw, 302px\" \/>Blutuntersuchungen durch Labor werden, falls erforderlich, zur Diagnosesicherung in meiner Praxis eingesetzt.<\/p>\n<p>&nbsp;<\/p>\n<p>&nbsp;<\/p>\n<p>&nbsp;<\/p>\n<p>&nbsp;<\/p>\n","protected":false},"excerpt":{"rendered":"<p>Um die Krankheitsursache aufzudecken, stehen folgende M\u00f6glichkeiten zu Verf\u00fcgung. Irisdiagnose\/Augendiagnose Die Irisdiagnose gibt Hinweise auf haupts\u00e4chlich anlagebedingte Sch\u00e4digungen. Die Iris-Diagnose ist eine alte Diagnoseform der Naturheilkunde, die hilft, die Ursache vieler Krankheiten zu erkennen und zu behandeln. So kann man &hellip; <a href=\"https:\/\/www.naturheilpraxis-budde.de\/?page_id=11\">Weiterlesen <span class=\"meta-nav\">&rarr;<\/span><\/a><\/p>\n","protected":false},"author":1,"featured_media":0,"parent":0,"menu_order":3,"comment_status":"closed","ping_status":"closed","template":"","meta":{"ngg_post_thumbnail":0,"footnotes":""},"class_list":["post-11","page","type-page","status-publish","hentry"],"_links":{"self":[{"href":"https:\/\/www.naturheilpraxis-budde.de\/index.php?rest_route=\/wp\/v2\/pages\/11","targetHints":{"allow":["GET"]}}],"collection":[{"href":"https:\/\/www.naturheilpraxis-budde.de\/index.php?rest_route=\/wp\/v2\/pages"}],"about":[{"href":"https:\/\/www.naturheilpraxis-budde.de\/index.php?rest_route=\/wp\/v2\/types\/page"}],"author":[{"embeddable":true,"href":"https:\/\/www.naturheilpraxis-budde.de\/index.php?rest_route=\/wp\/v2\/users\/1"}],"replies":[{"embeddable":true,"href":"https:\/\/www.naturheilpraxis-budde.de\/index.php?rest_route=%2Fwp%2Fv2%2Fcomments&post=11"}],"version-history":[{"count":25,"href":"https:\/\/www.naturheilpraxis-budde.de\/index.php?rest_route=\/wp\/v2\/pages\/11\/revisions"}],"predecessor-version":[{"id":1139,"href":"https:\/\/www.naturheilpraxis-budde.de\/index.php?rest_route=\/wp\/v2\/pages\/11\/revisions\/1139"}],"wp:attachment":[{"href":"https:\/\/www.naturheilpraxis-budde.de\/index.php?rest_route=%2Fwp%2Fv2%2Fmedia&parent=11"}],"curies":[{"name":"wp","href":"https:\/\/api.w.org\/{rel}","templated":true}]}}