{"id":30,"date":"2013-02-21T23:17:49","date_gmt":"2013-02-21T22:17:49","guid":{"rendered":"http:\/\/naturheilpraxis-budde.de\/wp\/?page_id=30"},"modified":"2026-04-06T09:09:45","modified_gmt":"2026-04-06T08:09:45","slug":"links","status":"publish","type":"page","link":"https:\/\/www.naturheilpraxis-budde.de\/?page_id=30","title":{"rendered":"Kosten und Leistungen"},"content":{"rendered":"\n<p class=\"has-text-align-left\">Mitglieder der gesetzlichen Krankenkassen haben in der Regel keinen Erstattungsanspruch f\u00fcr die Behandlungskosten. Ich empfehle Ihnen deshalb vor Behandlungsbeginn die M\u00f6glichkeit einer eventuellen Bezuschussung mit Ihrer Krankenkasse zu kl\u00e4ren. Mitglieder von privaten Krankenversicherungen ben\u00f6tigen zur Abrechnung den Heilpraktikerzusatz in ihrem Tarif. Osteopathische Behandlungen und andere Naturheilverfahren werden u.U. nicht oder nur teilweise durch gesetzliche bzw. private Krankenversicherungen oder Beihilfestellen erstattet. Bei Vorliegen einer privaten Krankenversicherung oder einer Zusatzversicherung \u00fcbernimmt diese Versicherungseinrichtung, entsprechend den Vertragsbestimmungen, entweder einen Teil oder die gesamten Kosten. Da es sich hierbei um einen Vertrag zwischen dem Versicherungsnehmer (Patient) und der Krankenkasse handelt, habe ich als Therapeut darauf keinen Einfluss.<\/p>\n\n\n\n<p class=\"has-text-align-left\">Heilpraktiker sind in ihrer Honorarstellung grunds\u00e4tzlich frei und unabh\u00e4ngig. Sie \u00fcben ihren Beruf eigenverantwortlich aus und z\u00e4hlen zu den freien Berufen im Sinne des \u00a7 18 EStG. Demnach gilt: &#8222;<em>Die T\u00e4tigkeit der Heilpraktiker beruht auf einem zum b\u00fcrgerlichen Recht geh\u00f6renden Dienstvertrag mit dem Patienten. Der Vertrag ist laut \u00a7 145 BGB nicht an eine Form gebunden und kann auch ohne ausdr\u00fcckliche Vereinbarung durch schl\u00fcssige Handlung zustande kommen. Der Heilpraktiker schlie\u00dft mit dem Patienten einen Dienstvertrag (\u00a7\u00a7 611-630 BGB), der ihn zur Leistung der versprochenen Dienste, wie Bem\u00fchen um Heilung oder Linderung der Krankheit im gegenseitigen Einverst\u00e4ndnis, den Patienten zur Gew\u00e4hrung einer Verg\u00fctung verpflichtet. Nach \u00a7 611 BGB ist die H\u00f6he der Verg\u00fctung der freien Vereinbarung zwischen Heilpraktiker und Patient \u00fcberlassen. Wenn beim Zustandekommen des Behandlungsvertrages \u00fcber eine Verg\u00fctung nicht gesprochen wurde, so gilt sie doch nach \u00a7 612 BGB als vereinbart.&#8220;<\/em><\/p>\n\n\n\n<p class=\"has-text-align-left\">Als Orientierungshilfe zur Bestimmung einer angemessenen Verg\u00fctung existiert seit 1936 ein Geb\u00fchrenverzeichnis, welches innerhalb von Rahmenbetr\u00e4gen die empfohlenen Honorare aufzeigt. Dieses wurde 1985 letztmalig neu \u00fcberarbeitet und dient in dieser Form noch heute als Bemessungsgrundlage. Die Verg\u00fctungen der Leistungstr\u00e4ger sind jedoch nicht immer innerhalb der in der \u201eGeb\u00fchrenordnung f\u00fcr Heilpraktiker\u201c (Geb\u00fcH) verzeichneten Rahmenbetr\u00e4ge fixiert. \u00dcber die H\u00f6he der bei mir \u00fcblichen Betr\u00e4ge\/Stundens\u00e4tze erkundigen Sie sich bitte pers\u00f6nlich in der Praxis. \u00dcber die voraussichtlichen Kosten einer Behandlung informiere ich Sie gerne vor Behandlungsbeginn.<\/p>\n\n\n\n<p>Barzahlung ist direkt nach der Behandlung erbeten, laufende Behandlungen werden monatlich in Rechnung gestellt. Kartenzahlung ist nicht m\u00f6glich.<\/p>\n\n\n\n\n\n<p><\/p>\n\n\n\n<h2 class=\"wp-block-heading\">Ich biete Ihnen :<\/h2>\n\n\n\n<p> Iris-oder Augendiagnose mit Beratung und Rezept<\/p>\n\n\n\n<p>Biochemie nach Sch\u00fcssler \/ Antlitzdiagnose<\/p>\n\n\n<p class=\"fonts-plugin-block \">Neuraltherapie \/ Chiropraktik \/ Ostheopahtie \/ Dorn-Breu\u00df Behandlung<br>Atlastherapie<\/p>\n\n\n<p>Psychologische Lebensberatung<\/p>\n\n\n\n<p>Beratung\/ Hilfe bei Burn Out<\/p>\n\n\n\n<p>Moderne\/ traditionelle Hom\u00f6opathie<\/p>\n\n\n\n<p>Ents\u00e4uerung\/ Entgiftung\/ Schwermetallausleitung\/ Raucherentw\u00f6hnung<\/p>\n\n\n\n<p>Diverse Massagen\/Wirbels\u00e4ulenbehandlung (Schr\u00f6pfmassage, Vitalisierung, Entspannung, Dorn-und Breu\u00dfmassage)<\/p>\n\n\n\n<p>Verschiedene Injektionen (Aufbau, Nerven und Vitamine)<\/p>\n\n\n\n<p>Allergiebehandlung\/Stoffwechselprofile<\/p>\n\n\n\n<p>Immunaufbau \/ Mikron\u00e4hrstofftherapie<\/p>\n\n\n\n<p>Akkupunktur<\/p>\n\n\n\n<p>Schmerztherapie<\/p>\n\n\n\n<p>Stoffwechselkur<\/p>\n\n\n\n<p><\/p>\n\n\n\n<p><span style=\"font-family: Montserrat; font-size: 18px;\"><em>&nbsp;<\/em>Die Terminvereinbarungen, auch die telefonischen, sind verbindlich !&nbsp;<\/span><\/p>\n","protected":false},"excerpt":{"rendered":"<p>Mitglieder der gesetzlichen Krankenkassen haben in der Regel keinen Erstattungsanspruch f\u00fcr die Behandlungskosten. Ich empfehle Ihnen deshalb vor Behandlungsbeginn die M\u00f6glichkeit einer eventuellen Bezuschussung mit Ihrer Krankenkasse zu kl\u00e4ren. Mitglieder von privaten Krankenversicherungen ben\u00f6tigen zur Abrechnung den Heilpraktikerzusatz in ihrem &hellip; <a href=\"https:\/\/www.naturheilpraxis-budde.de\/?page_id=30\">Weiterlesen <span class=\"meta-nav\">&rarr;<\/span><\/a><\/p>\n","protected":false},"author":1,"featured_media":0,"parent":0,"menu_order":8,"comment_status":"closed","ping_status":"closed","template":"","meta":{"ngg_post_thumbnail":0,"footnotes":""},"class_list":["post-30","page","type-page","status-publish","hentry"],"_links":{"self":[{"href":"https:\/\/www.naturheilpraxis-budde.de\/index.php?rest_route=\/wp\/v2\/pages\/30","targetHints":{"allow":["GET"]}}],"collection":[{"href":"https:\/\/www.naturheilpraxis-budde.de\/index.php?rest_route=\/wp\/v2\/pages"}],"about":[{"href":"https:\/\/www.naturheilpraxis-budde.de\/index.php?rest_route=\/wp\/v2\/types\/page"}],"author":[{"embeddable":true,"href":"https:\/\/www.naturheilpraxis-budde.de\/index.php?rest_route=\/wp\/v2\/users\/1"}],"replies":[{"embeddable":true,"href":"https:\/\/www.naturheilpraxis-budde.de\/index.php?rest_route=%2Fwp%2Fv2%2Fcomments&post=30"}],"version-history":[{"count":131,"href":"https:\/\/www.naturheilpraxis-budde.de\/index.php?rest_route=\/wp\/v2\/pages\/30\/revisions"}],"predecessor-version":[{"id":1811,"href":"https:\/\/www.naturheilpraxis-budde.de\/index.php?rest_route=\/wp\/v2\/pages\/30\/revisions\/1811"}],"wp:attachment":[{"href":"https:\/\/www.naturheilpraxis-budde.de\/index.php?rest_route=%2Fwp%2Fv2%2Fmedia&parent=30"}],"curies":[{"name":"wp","href":"https:\/\/api.w.org\/{rel}","templated":true}]}}