{"id":378,"date":"2014-06-23T11:00:56","date_gmt":"2014-06-23T10:00:56","guid":{"rendered":"http:\/\/www.naturheilpraxis-budde.de\/?page_id=378"},"modified":"2024-04-10T09:39:58","modified_gmt":"2024-04-10T08:39:58","slug":"scenarbehandlung","status":"publish","type":"page","link":"https:\/\/www.naturheilpraxis-budde.de\/?page_id=378","title":{"rendered":"Scenarbehandlung"},"content":{"rendered":"<p>Auf neuestem Stand.<br \/>\nNur durch st\u00e4ndige Fortbildungen, Besuche zahlreicher Vortr\u00e4ge und das Studium medizinischer Ver\u00f6ffentlichungen ist es m\u00f6glich, medizinische Fortschritte zu erzielen.<\/p>\n<p>Die SCENARBEHANDLUNG stellt eine besondere Erweiterung des Therapieangebotes meiner Praxis dar.<\/p>\n<p><img loading=\"lazy\" decoding=\"async\" class=\"alignleft wp-image-381 size-full\" src=\"https:\/\/www.naturheilpraxis-budde.de\/wp\/wp-content\/uploads\/2014\/06\/0465dacc87dcb6e15be72d1ad76ea2cf.jpg\" alt=\"0465dacc87dcb6e15be72d1ad76ea2cf\" width=\"210\" height=\"276\"><\/p>\n<p>Das Scenarger\u00e4t , heute unter dem Namen <strong>Physiokey<\/strong> im Einsatz, wurde&nbsp; schon im Jahre 1992 f\u00fcr die russische Weltraumfahrt und Weltraumtechnik entwickelt.<\/p>\n<p>Es ist ein Therapieger\u00e4t, dass durch elektrische Stimulation die Zellmatrix ver\u00e4ndert und durch Impulse die k\u00f6rpereigenen Selbstheilungskr\u00e4fte stimuliert.<br \/>\nDamit konnten die Kosmonauten auftretende Schmerzen direkt behandeln.Diese Behandlung ist nahezu schmerzfrei und die Therapie nimmt Einfluss auf das vegetative Nervensystem. Der Patient versp\u00fcrt nur ein Kribbeln und Picken.<\/p>\n<p>Anwendungsgebiete sind Neuralgien, Weichteilverletzungen, Schmerzen der Gelenke, der Muskeln und der Wirbels\u00e4ule etc. aber auch Kieferh\u00f6hlenentz\u00fcndungen und funktionelle St\u00f6rungen des Verdauungstraktes.<\/p>\n<p><em>Es gibt 1000 Beschwerden aber nur eine Gesundheit (Schopenhauer)<\/em><\/p>\n<p>Weitere Einsatzgebiete : Behandlung von Phantomschmerzen, Asthma , Bronchitis, Fertilit\u00e4tsst\u00f6rungen, Reizblase etc. Die Abwehrkr\u00e4fte werden gest\u00e4rkt und dem K\u00f6rper ein Weg zur Selbstheilung aufgezeigt. Bitte sprechen Sie mich darauf an.<\/p>\n","protected":false},"excerpt":{"rendered":"<p>Auf neuestem Stand. Nur durch st\u00e4ndige Fortbildungen, Besuche zahlreicher Vortr\u00e4ge und das Studium medizinischer Ver\u00f6ffentlichungen ist es m\u00f6glich, medizinische Fortschritte zu erzielen. Die SCENARBEHANDLUNG stellt eine besondere Erweiterung des Therapieangebotes meiner Praxis dar. Das Scenarger\u00e4t , heute unter dem Namen &hellip; <a href=\"https:\/\/www.naturheilpraxis-budde.de\/?page_id=378\">Weiterlesen <span class=\"meta-nav\">&rarr;<\/span><\/a><\/p>\n","protected":false},"author":1,"featured_media":0,"parent":13,"menu_order":0,"comment_status":"closed","ping_status":"closed","template":"","meta":{"ngg_post_thumbnail":0,"footnotes":""},"class_list":["post-378","page","type-page","status-publish","hentry"],"_links":{"self":[{"href":"https:\/\/www.naturheilpraxis-budde.de\/index.php?rest_route=\/wp\/v2\/pages\/378","targetHints":{"allow":["GET"]}}],"collection":[{"href":"https:\/\/www.naturheilpraxis-budde.de\/index.php?rest_route=\/wp\/v2\/pages"}],"about":[{"href":"https:\/\/www.naturheilpraxis-budde.de\/index.php?rest_route=\/wp\/v2\/types\/page"}],"author":[{"embeddable":true,"href":"https:\/\/www.naturheilpraxis-budde.de\/index.php?rest_route=\/wp\/v2\/users\/1"}],"replies":[{"embeddable":true,"href":"https:\/\/www.naturheilpraxis-budde.de\/index.php?rest_route=%2Fwp%2Fv2%2Fcomments&post=378"}],"version-history":[{"count":9,"href":"https:\/\/www.naturheilpraxis-budde.de\/index.php?rest_route=\/wp\/v2\/pages\/378\/revisions"}],"predecessor-version":[{"id":1222,"href":"https:\/\/www.naturheilpraxis-budde.de\/index.php?rest_route=\/wp\/v2\/pages\/378\/revisions\/1222"}],"up":[{"embeddable":true,"href":"https:\/\/www.naturheilpraxis-budde.de\/index.php?rest_route=\/wp\/v2\/pages\/13"}],"wp:attachment":[{"href":"https:\/\/www.naturheilpraxis-budde.de\/index.php?rest_route=%2Fwp%2Fv2%2Fmedia&parent=378"}],"curies":[{"name":"wp","href":"https:\/\/api.w.org\/{rel}","templated":true}]}}